{"id":230,"date":"2024-10-30T21:56:43","date_gmt":"2024-10-30T20:56:43","guid":{"rendered":"http:\/\/espacebeautelasarraz.ch\/?page_id=230"},"modified":"2024-10-30T23:15:13","modified_gmt":"2024-10-30T22:15:13","slug":"epilation-a-la-cire","status":"publish","type":"page","link":"https:\/\/espacebeautelasarraz.ch\/?page_id=230","title":{"rendered":"\u00c9PILATION A LA CIRE"},"content":{"rendered":"\n<p><strong>Demi-jambes<\/strong> 45.-<br><strong>Jambes enti\u00e8res<\/strong> 65.-<br><strong>Aisselles <\/strong>20.-<br><strong>Bikini simple<\/strong> 20.-<br><strong>Bikini int\u00e9gral <\/strong>45.-<br><strong>Ventre <\/strong>10.-<br><strong>L\u00e8vre sup\u00e9rieure<\/strong> 20.-<br><strong>Sourcils <\/strong>15.-<br><strong>Forfait aisselles, bikini et demi-jambes<\/strong> 85.-<br><strong>Dos <\/strong>55.-<br><strong>Torse <\/strong>55.-<br><strong>Bras <\/strong>40.-<\/p>\n\n\n\n<p><\/p>\n\n\n\n<p><\/p>\n","protected":false},"excerpt":{"rendered":"<p>Demi-jambes 45.-Jambes enti\u00e8res 65.-Aisselles 20.-Bikini simple 20.-Bikini int\u00e9gral 45.-Ventre 10.-L\u00e8vre sup\u00e9rieure 20.-Sourcils 15.-Forfait aisselles, bikini et demi-jambes 85.-Dos 55.-Torse 55.-Bras 40.-<\/p>\n","protected":false},"author":1,"featured_media":231,"parent":0,"menu_order":0,"comment_status":"closed","ping_status":"closed","template":"","meta":{"pgc_meta":"","footnotes":""},"class_list":["post-230","page","type-page","status-publish","has-post-thumbnail","hentry"],"pgc_meta":"","_links":{"self":[{"href":"https:\/\/espacebeautelasarraz.ch\/index.php?rest_route=\/wp\/v2\/pages\/230"}],"collection":[{"href":"https:\/\/espacebeautelasarraz.ch\/index.php?rest_route=\/wp\/v2\/pages"}],"about":[{"href":"https:\/\/espacebeautelasarraz.ch\/index.php?rest_route=\/wp\/v2\/types\/page"}],"author":[{"embeddable":true,"href":"https:\/\/espacebeautelasarraz.ch\/index.php?rest_route=\/wp\/v2\/users\/1"}],"replies":[{"embeddable":true,"href":"https:\/\/espacebeautelasarraz.ch\/index.php?rest_route=%2Fwp%2Fv2%2Fcomments&post=230"}],"version-history":[{"count":6,"href":"https:\/\/espacebeautelasarraz.ch\/index.php?rest_route=\/wp\/v2\/pages\/230\/revisions"}],"predecessor-version":[{"id":251,"href":"https:\/\/espacebeautelasarraz.ch\/index.php?rest_route=\/wp\/v2\/pages\/230\/revisions\/251"}],"wp:featuredmedia":[{"embeddable":true,"href":"https:\/\/espacebeautelasarraz.ch\/index.php?rest_route=\/wp\/v2\/media\/231"}],"wp:attachment":[{"href":"https:\/\/espacebeautelasarraz.ch\/index.php?rest_route=%2Fwp%2Fv2%2Fmedia&parent=230"}],"curies":[{"name":"wp","href":"https:\/\/api.w.org\/{rel}","templated":true}]}}